{"id":272,"date":"2024-10-08T10:40:14","date_gmt":"2024-10-08T08:40:14","guid":{"rendered":"https:\/\/haricotmaastricht.nl\/?page_id=272"},"modified":"2025-11-12T12:09:13","modified_gmt":"2025-11-12T11:09:13","slug":"uber-uns","status":"publish","type":"page","link":"https:\/\/haricotmaastricht.nl\/de\/over-ons\/","title":{"rendered":"\u00dcber uns"},"content":{"rendered":"<style>.elementor-272 .elementor-element.elementor-element-3588271{--display:flex;--min-height:500px;--flex-direction:column;--container-widget-width:calc( ( 1 - var( --container-widget-flex-grow ) ) * 100% );--container-widget-height:initial;--container-widget-flex-grow:0;--container-widget-align-self:initial;--flex-wrap-mobile:wrap;--justify-content:center;--align-items:center;--gap:0px 0px;--row-gap:0px;--column-gap:0px;--overlay-opacity:0.5;--margin-top:0px;--margin-bottom:0px;--margin-left:0px;--margin-right:0px;--z-index:0;}.elementor-272 .elementor-element.elementor-element-3588271:not(.elementor-motion-effects-element-type-background), .elementor-272 .elementor-element.elementor-element-3588271 > .elementor-motion-effects-container > .elementor-motion-effects-layer{background-image:url(\"https:\/\/haricotmaastricht.nl\/wp-content\/uploads\/2025\/11\/haricot-header-e1762945713942.jpg\");background-position:0px 75%;background-repeat:no-repeat;background-size:cover;}.elementor-272 .elementor-element.elementor-element-3588271::before, .elementor-272 .elementor-element.elementor-element-3588271 > .elementor-background-video-container::before, .elementor-272 .elementor-element.elementor-element-3588271 > .e-con-inner > .elementor-background-video-container::before, .elementor-272 .elementor-element.elementor-element-3588271 > .elementor-background-slideshow::before, .elementor-272 .elementor-element.elementor-element-3588271 > .e-con-inner > .elementor-background-slideshow::before, .elementor-272 .elementor-element.elementor-element-3588271 > .elementor-motion-effects-container > .elementor-motion-effects-layer::before{--background-overlay:'';background-color:var( --e-global-color-accent );}.elementor-272 .elementor-element.elementor-element-f3fcd6b{text-align:center;}.elementor-272 .elementor-element.elementor-element-f3fcd6b .elementor-heading-title{font-family:var( --e-global-typography-secondary-font-family ), Sans-serif;font-size:var( --e-global-typography-secondary-font-size );font-weight:var( --e-global-typography-secondary-font-weight );text-decoration:var( --e-global-typography-secondary-text-decoration );line-height:var( --e-global-typography-secondary-line-height );color:var( --e-global-color-secondary );}.elementor-272 .elementor-element.elementor-element-45900f5{--display:flex;--flex-direction:row;--container-widget-width:calc( ( 1 - var( --container-widget-flex-grow ) ) * 100% );--container-widget-height:100%;--container-widget-flex-grow:1;--container-widget-align-self:stretch;--flex-wrap-mobile:wrap;--align-items:stretch;--gap:0px 0px;--row-gap:0px;--column-gap:0px;--margin-top:50px;--margin-bottom:50px;--margin-left:0px;--margin-right:0px;}.elementor-272 .elementor-element.elementor-element-3e609c6{--display:flex;--padding-top:0px;--padding-bottom:0px;--padding-left:0px;--padding-right:40px;}.elementor-272 .elementor-element.elementor-element-1f565ac > .elementor-widget-container{padding:0px 0px 10px 0px;}.elementor-272 .elementor-element.elementor-element-8e331b5{--display:flex;--padding-top:0px;--padding-bottom:0px;--padding-left:20px;--padding-right:20px;}.elementor-272 .elementor-element.elementor-element-6464566{text-align:start;}.elementor-272 .elementor-element.elementor-element-6464566 .elementor-heading-title{font-family:var( --e-global-typography-secondary-font-family ), Sans-serif;font-size:var( --e-global-typography-secondary-font-size );font-weight:var( --e-global-typography-secondary-font-weight );text-decoration:var( --e-global-typography-secondary-text-decoration );line-height:var( --e-global-typography-secondary-line-height );color:var( --e-global-color-secondary );}.elementor-272 .elementor-element.elementor-element-e33130b{text-align:start;font-family:var( --e-global-typography-text-font-family ), Sans-serif;font-size:var( --e-global-typography-text-font-size );font-weight:var( --e-global-typography-text-font-weight );text-transform:var( --e-global-typography-text-text-transform );text-decoration:var( --e-global-typography-text-text-decoration );line-height:var( --e-global-typography-text-line-height );color:var( --e-global-color-secondary );}.elementor-272 .elementor-element.elementor-element-e33130b > .elementor-widget-container{padding:0px 0px 30px 0px;}.elementor-272 .elementor-element.elementor-element-1466f6a{--display:flex;--padding-top:0px;--padding-bottom:0px;--padding-left:40px;--padding-right:0px;}.elementor-272 .elementor-element.elementor-element-c2022b2 > .elementor-widget-container{padding:0px 0px 10px 0px;}@media(min-width:768px){.elementor-272 .elementor-element.elementor-element-3588271{--content-width:1290px;}.elementor-272 .elementor-element.elementor-element-45900f5{--content-width:1290px;}}@media(max-width:1024px){.elementor-272 .elementor-element.elementor-element-3588271{--min-height:300px;--margin-top:0px;--margin-bottom:0px;--margin-left:0px;--margin-right:0px;--padding-top:0px;--padding-bottom:0px;--padding-left:20px;--padding-right:20px;}.elementor-272 .elementor-element.elementor-element-3588271:not(.elementor-motion-effects-element-type-background), .elementor-272 .elementor-element.elementor-element-3588271 > .elementor-motion-effects-container > .elementor-motion-effects-layer{background-position:center center;}.elementor-272 .elementor-element.elementor-element-f3fcd6b .elementor-heading-title{font-size:var( --e-global-typography-secondary-font-size );line-height:var( --e-global-typography-secondary-line-height );}.elementor-272 .elementor-element.elementor-element-45900f5{--flex-direction:column;--container-widget-width:100%;--container-widget-height:initial;--container-widget-flex-grow:0;--container-widget-align-self:initial;--flex-wrap-mobile:wrap;--gap:20px 20px;--row-gap:20px;--column-gap:20px;}.elementor-272 .elementor-element.elementor-element-3e609c6{--padding-top:0px;--padding-bottom:0px;--padding-left:0px;--padding-right:0px;}.elementor-272 .elementor-element.elementor-element-3e609c6.e-con{--order:99999 \/* order end hack *\/;}.elementor-272 .elementor-element.elementor-element-1f565ac img{width:50%;}.elementor-272 .elementor-element.elementor-element-6464566 .elementor-heading-title{font-size:var( --e-global-typography-secondary-font-size );line-height:var( --e-global-typography-secondary-line-height );}.elementor-272 .elementor-element.elementor-element-e33130b{font-size:var( --e-global-typography-text-font-size );line-height:var( --e-global-typography-text-line-height );}.elementor-272 .elementor-element.elementor-element-1466f6a{--padding-top:0px;--padding-bottom:0px;--padding-left:0px;--padding-right:0px;}.elementor-272 .elementor-element.elementor-element-c2022b2 img{width:50%;}}@media(max-width:767px){.elementor-272 .elementor-element.elementor-element-3588271{--min-height:200px;--padding-top:0%;--padding-bottom:0%;--padding-left:0%;--padding-right:0%;}.elementor-272 .elementor-element.elementor-element-f3fcd6b .elementor-heading-title{font-size:var( --e-global-typography-secondary-font-size );line-height:var( --e-global-typography-secondary-line-height );}.elementor-272 .elementor-element.elementor-element-45900f5{--padding-top:20px;--padding-bottom:20px;--padding-left:20px;--padding-right:20px;}.elementor-272 .elementor-element.elementor-element-1f565ac img{width:100%;}.elementor-272 .elementor-element.elementor-element-8e331b5{--padding-top:0px;--padding-bottom:0px;--padding-left:0px;--padding-right:0px;}.elementor-272 .elementor-element.elementor-element-6464566 .elementor-heading-title{font-size:var( --e-global-typography-secondary-font-size );line-height:var( --e-global-typography-secondary-line-height );}.elementor-272 .elementor-element.elementor-element-e33130b{font-size:var( --e-global-typography-text-font-size );line-height:var( --e-global-typography-text-line-height );}.elementor-272 .elementor-element.elementor-element-c2022b2 img{width:100%;}}<\/style>\t\t<div data-elementor-type=\"wp-page\" data-elementor-id=\"272\" class=\"elementor elementor-272\" data-elementor-post-type=\"page\">\n\t\t\t\t<div class=\"elementor-element elementor-element-3588271 e-flex e-con-boxed e-con e-parent\" data-id=\"3588271\" data-element_type=\"container\" data-e-type=\"container\" data-settings=\"{&quot;background_background&quot;:&quot;classic&quot;,&quot;jet_parallax_layout_list&quot;:[]}\">\n\t\t\t\t\t<div class=\"e-con-inner\">\n\t\t\t\t<div class=\"elementor-element elementor-element-f3fcd6b elementor-widget elementor-widget-heading\" data-id=\"f3fcd6b\" data-element_type=\"widget\" data-e-type=\"widget\" data-widget_type=\"heading.default\">\n\t\t\t\t<div class=\"elementor-widget-container\">\n\t\t\t\t\t<h2 class=\"elementor-heading-title elementor-size-default\">\u00dcber uns<\/h2>\t\t\t\t<\/div>\n\t\t\t\t<\/div>\n\t\t\t\t\t<\/div>\n\t\t\t\t<\/div>\n\t\t<div class=\"elementor-element elementor-element-45900f5 e-flex e-con-boxed e-con e-parent\" data-id=\"45900f5\" data-element_type=\"container\" data-e-type=\"container\" data-settings=\"{&quot;jet_parallax_layout_list&quot;:[]}\">\n\t\t\t\t\t<div class=\"e-con-inner\">\n\t\t<div class=\"elementor-element elementor-element-3e609c6 e-con-full e-flex e-con e-child\" data-id=\"3e609c6\" data-element_type=\"container\" data-e-type=\"container\" data-settings=\"{&quot;jet_parallax_layout_list&quot;:[]}\">\n\t\t\t\t<div class=\"elementor-element elementor-element-1f565ac elementor-widget elementor-widget-image\" data-id=\"1f565ac\" data-element_type=\"widget\" data-e-type=\"widget\" data-widget_type=\"image.default\">\n\t\t\t\t<div class=\"elementor-widget-container\">\n\t\t\t\t\t\t\t\t\t\t\t\t\t\t\t<img fetchpriority=\"high\" decoding=\"async\" width=\"1707\" height=\"2560\" src=\"https:\/\/haricotmaastricht.nl\/wp-content\/uploads\/2025\/10\/Over-ons-2.webp\" class=\"attachment-full size-full wp-image-688\" alt=\"\" srcset=\"https:\/\/haricotmaastricht.nl\/wp-content\/uploads\/2025\/10\/Over-ons-2.webp 1707w, https:\/\/haricotmaastricht.nl\/wp-content\/uploads\/2025\/10\/Over-ons-2-200x300.webp 200w, https:\/\/haricotmaastricht.nl\/wp-content\/uploads\/2025\/10\/Over-ons-2-683x1024.webp 683w, https:\/\/haricotmaastricht.nl\/wp-content\/uploads\/2025\/10\/Over-ons-2-768x1152.webp 768w, https:\/\/haricotmaastricht.nl\/wp-content\/uploads\/2025\/10\/Over-ons-2-1024x1536.webp 1024w, https:\/\/haricotmaastricht.nl\/wp-content\/uploads\/2025\/10\/Over-ons-2-1366x2048.webp 1366w, https:\/\/haricotmaastricht.nl\/wp-content\/uploads\/2025\/10\/Over-ons-2-8x12.webp 8w\" sizes=\"(max-width: 1707px) 100vw, 1707px\" title=\"\">\t\t\t\t\t\t\t\t\t\t\t\t\t\t\t<\/div>\n\t\t\t\t<\/div>\n\t\t\t\t<\/div>\n\t\t<div class=\"elementor-element elementor-element-8e331b5 e-con-full e-flex e-con e-child\" data-id=\"8e331b5\" data-element_type=\"container\" data-e-type=\"container\" data-settings=\"{&quot;jet_parallax_layout_list&quot;:[]}\">\n\t\t\t\t<div class=\"elementor-element elementor-element-6464566 elementor-widget elementor-widget-heading\" data-id=\"6464566\" data-element_type=\"widget\" data-e-type=\"widget\" data-widget_type=\"heading.default\">\n\t\t\t\t<div class=\"elementor-widget-container\">\n\t\t\t\t\t<h2 class=\"elementor-heading-title elementor-size-default\">\u00dcber uns<\/h2>\t\t\t\t<\/div>\n\t\t\t\t<\/div>\n\t\t\t\t<div class=\"elementor-element elementor-element-e33130b elementor-widget elementor-widget-text-editor\" data-id=\"e33130b\" data-element_type=\"widget\" data-e-type=\"widget\" data-widget_type=\"text-editor.default\">\n\t\t\t\t<div class=\"elementor-widget-container\">\n\t\t\t\t\t\t\t\t\t<div data-olk-copy-source=\"MessageBody\">Bei Haricot f\u00fchren wir Sie durch unsere Vision von Gastronomie. Ehrliches, gutes Essen und Trinken ohne viel Aufhebens. Wir glauben fest an die Kraft der Einfachheit und werden nie ein Gericht komplizierter machen, als es sein muss. Das ist auch gar nicht n\u00f6tig, wenn man nur mit den besten Produkten arbeitet. Eine frische K\u00fcche, in der der Geschmack und die Jahreszeiten im Mittelpunkt stehen.<\/div><div data-olk-copy-source=\"MessageBody\">\u00a0<\/div><div>Wir wollen unser Restaurant mit Gem\u00fctlichkeit f\u00fcllen. Hier m\u00fcssen Sie nicht auf Ihren Tonfall achten oder die \"Kleiderordnung\" ber\u00fccksichtigen. Hier k\u00f6nnen Sie so kommen, wie Sie sich wohlf\u00fchlen und sich so verhalten, wie es Ihnen gef\u00e4llt.<\/div><div>\u00a0<\/div><div class=\"x_elementToProof\">Feines Essen, aber etwas anders.<\/div>\t\t\t\t\t\t\t\t<\/div>\n\t\t\t\t<\/div>\n\t\t\t\t<\/div>\n\t\t<div class=\"elementor-element elementor-element-1466f6a e-con-full e-flex e-con e-child\" data-id=\"1466f6a\" data-element_type=\"container\" data-e-type=\"container\" data-settings=\"{&quot;jet_parallax_layout_list&quot;:[]}\">\n\t\t\t\t<div class=\"elementor-element elementor-element-c2022b2 elementor-widget elementor-widget-image\" data-id=\"c2022b2\" data-element_type=\"widget\" data-e-type=\"widget\" data-widget_type=\"image.default\">\n\t\t\t\t<div class=\"elementor-widget-container\">\n\t\t\t\t\t\t\t\t\t\t\t\t\t\t\t<img decoding=\"async\" width=\"1707\" height=\"2560\" src=\"https:\/\/haricotmaastricht.nl\/wp-content\/uploads\/2025\/10\/Over-ons-3.webp\" class=\"attachment-full size-full wp-image-689\" alt=\"\" srcset=\"https:\/\/haricotmaastricht.nl\/wp-content\/uploads\/2025\/10\/Over-ons-3.webp 1707w, https:\/\/haricotmaastricht.nl\/wp-content\/uploads\/2025\/10\/Over-ons-3-200x300.webp 200w, https:\/\/haricotmaastricht.nl\/wp-content\/uploads\/2025\/10\/Over-ons-3-683x1024.webp 683w, https:\/\/haricotmaastricht.nl\/wp-content\/uploads\/2025\/10\/Over-ons-3-768x1152.webp 768w, https:\/\/haricotmaastricht.nl\/wp-content\/uploads\/2025\/10\/Over-ons-3-1024x1536.webp 1024w, https:\/\/haricotmaastricht.nl\/wp-content\/uploads\/2025\/10\/Over-ons-3-1366x2048.webp 1366w, https:\/\/haricotmaastricht.nl\/wp-content\/uploads\/2025\/10\/Over-ons-3-8x12.webp 8w\" sizes=\"(max-width: 1707px) 100vw, 1707px\" title=\"\">\t\t\t\t\t\t\t\t\t\t\t\t\t\t\t<\/div>\n\t\t\t\t<\/div>\n\t\t\t\t<\/div>\n\t\t\t\t\t<\/div>\n\t\t\t\t<\/div>\n\t\t\t\t<\/div>","protected":false},"excerpt":{"rendered":"<p>Over Ons Over Ons Bij Haricot nemen we je mee in onze visie op gastronomie. Eerlijk lekker eten en drinken zonder poespas. Wij geloven sterk in de kracht van eenvoud en zullen een gerecht nooit complexer maken dan dat hoeft. Dit is ook helemaal nergens voor nodig als je alleen met de beste producten werkt. [&hellip;]<\/p>\n","protected":false},"author":1,"featured_media":0,"parent":0,"menu_order":0,"comment_status":"closed","ping_status":"closed","template":"elementor_header_footer","meta":{"footnotes":""},"class_list":["post-272","page","type-page","status-publish","hentry"],"_links":{"self":[{"href":"https:\/\/haricotmaastricht.nl\/de\/wp-json\/wp\/v2\/pages\/272","targetHints":{"allow":["GET"]}}],"collection":[{"href":"https:\/\/haricotmaastricht.nl\/de\/wp-json\/wp\/v2\/pages"}],"about":[{"href":"https:\/\/haricotmaastricht.nl\/de\/wp-json\/wp\/v2\/types\/page"}],"author":[{"embeddable":true,"href":"https:\/\/haricotmaastricht.nl\/de\/wp-json\/wp\/v2\/users\/1"}],"replies":[{"embeddable":true,"href":"https:\/\/haricotmaastricht.nl\/de\/wp-json\/wp\/v2\/comments?post=272"}],"version-history":[{"count":45,"href":"https:\/\/haricotmaastricht.nl\/de\/wp-json\/wp\/v2\/pages\/272\/revisions"}],"predecessor-version":[{"id":727,"href":"https:\/\/haricotmaastricht.nl\/de\/wp-json\/wp\/v2\/pages\/272\/revisions\/727"}],"wp:attachment":[{"href":"https:\/\/haricotmaastricht.nl\/de\/wp-json\/wp\/v2\/media?parent=272"}],"curies":[{"name":"wp","href":"https:\/\/api.w.org\/{rel}","templated":true}]}}