{"id":311,"date":"2024-10-08T11:04:59","date_gmt":"2024-10-08T09:04:59","guid":{"rendered":"https:\/\/haricotmaastricht.nl\/?page_id=311"},"modified":"2026-04-27T06:50:13","modified_gmt":"2026-04-27T04:50:13","slug":"menu","status":"publish","type":"page","link":"https:\/\/haricotmaastricht.nl\/fr\/menu\/","title":{"rendered":"Menu"},"content":{"rendered":"<div data-elementor-type=\"wp-page\" data-elementor-id=\"311\" class=\"elementor elementor-311\" data-elementor-post-type=\"page\">\n\t\t\t\t<div class=\"elementor-element elementor-element-66cd3bd e-flex e-con-boxed e-con e-parent\" data-id=\"66cd3bd\" data-element_type=\"container\" data-e-type=\"container\" data-settings=\"{&quot;background_background&quot;:&quot;classic&quot;,&quot;jet_parallax_layout_list&quot;:[]}\">\n\t\t\t\t\t<div class=\"e-con-inner\">\n\t\t\t\t<div class=\"elementor-element elementor-element-78ea4ad elementor-widget elementor-widget-heading\" data-id=\"78ea4ad\" data-element_type=\"widget\" data-e-type=\"widget\" data-widget_type=\"heading.default\">\n\t\t\t\t<div class=\"elementor-widget-container\">\n\t\t\t\t\t<h2 class=\"elementor-heading-title elementor-size-default\">Menu<\/h2>\t\t\t\t<\/div>\n\t\t\t\t<\/div>\n\t\t\t\t\t<\/div>\n\t\t\t\t<\/div>\n\t\t<div class=\"elementor-element elementor-element-9d66dc2 e-flex e-con-boxed e-con e-parent\" data-id=\"9d66dc2\" data-element_type=\"container\" data-e-type=\"container\" data-settings=\"{&quot;jet_parallax_layout_list&quot;:[]}\">\n\t\t\t\t\t<div class=\"e-con-inner\">\n\t\t<div class=\"elementor-element elementor-element-95192df e-con-full e-flex e-con e-child\" data-id=\"95192df\" data-element_type=\"container\" data-e-type=\"container\" data-settings=\"{&quot;background_background&quot;:&quot;classic&quot;,&quot;jet_parallax_layout_list&quot;:[]}\">\n\t\t\t\t<div class=\"elementor-element elementor-element-815e95e elementor-widget elementor-widget-heading\" data-id=\"815e95e\" data-element_type=\"widget\" data-e-type=\"widget\" data-widget_type=\"heading.default\">\n\t\t\t\t<div class=\"elementor-widget-container\">\n\t\t\t\t\t<h2 class=\"elementor-heading-title elementor-size-default\">Menu Haricot<\/h2>\t\t\t\t<\/div>\n\t\t\t\t<\/div>\n\t\t\t\t<div class=\"elementor-element elementor-element-d6aa6b6 elementor-widget elementor-widget-text-editor\" data-id=\"d6aa6b6\" data-element_type=\"widget\" data-e-type=\"widget\" data-widget_type=\"text-editor.default\">\n\t\t\t\t<div class=\"elementor-widget-container\">\n\t\t\t\t\t\t\t\t\t<p>Chez Haricot, nous servons un menu fixe parce que nous pensons que chaque plat m\u00e9rite une attention particuli\u00e8re. Nous avons compos\u00e9 une s\u00e9lection de cinq, six ou sept plats dans lesquels les ingr\u00e9dients de saison jouent le r\u00f4le principal. Nous offrons \u00e9galement la possibilit\u00e9 de prolonger votre d\u00eener.<\/p>\t\t\t\t\t\t\t\t<\/div>\n\t\t\t\t<\/div>\n\t\t<div class=\"elementor-element elementor-element-f7a72cc e-grid e-con-full e-con e-child\" data-id=\"f7a72cc\" data-element_type=\"container\" data-e-type=\"container\" data-settings=\"{&quot;jet_parallax_layout_list&quot;:[]}\">\n\t\t<div class=\"elementor-element elementor-element-a36645b e-con-full e-flex e-con e-child\" data-id=\"a36645b\" data-element_type=\"container\" data-e-type=\"container\" data-settings=\"{&quot;jet_parallax_layout_list&quot;:[]}\">\n\t\t\t\t<div class=\"elementor-element elementor-element-e231616 elementor-widget elementor-widget-text-editor\" data-id=\"e231616\" data-element_type=\"widget\" data-e-type=\"widget\" data-widget_type=\"text-editor.default\">\n\t\t\t\t<div class=\"elementor-widget-container\">\n\t\t\t\t\t\t\t\t\t<p><span style=\"color: #c58940;\"><strong>Menu<\/strong><\/span><br \/>5 cours 90\u00a0<br \/>6 cours 105 <span style=\"color: #c58940;\">\u272b<\/span><br \/>7 cours 120 <span style=\"color: #c58940;\">\u272b\u272b<\/span><\/p>\t\t\t\t\t\t\t\t<\/div>\n\t\t\t\t<\/div>\n\t\t\t\t<\/div>\n\t\t<div class=\"elementor-element elementor-element-8e9f9d9 e-con-full e-flex e-con e-child\" data-id=\"8e9f9d9\" data-element_type=\"container\" data-e-type=\"container\" data-settings=\"{&quot;jet_parallax_layout_list&quot;:[]}\">\n\t\t\t\t<div class=\"elementor-element elementor-element-264f158 elementor-widget elementor-widget-text-editor\" data-id=\"264f158\" data-element_type=\"widget\" data-e-type=\"widget\" data-widget_type=\"text-editor.default\">\n\t\t\t\t<div class=\"elementor-widget-container\">\n\t\t\t\t\t\t\t\t\t<p><span style=\"color: #c58940;\"><strong>Boissons assorties<\/strong><\/span><br \/>45,- (4 verres)<br \/>54,- (5 verres)<span style=\"color: #c58940;\">\u272b<\/span><br \/>63,- (6 verres)<span style=\"color: #c58940;\">\u272b\u272b<\/span><\/p>\t\t\t\t\t\t\t\t<\/div>\n\t\t\t\t<\/div>\n\t\t\t\t<\/div>\n\t\t\t\t<\/div>\n\t\t\t\t<div class=\"elementor-element elementor-element-212fa46 elementor-widget elementor-widget-jet-price-list\" data-id=\"212fa46\" data-element_type=\"widget\" data-e-type=\"widget\" data-widget_type=\"jet-price-list.default\">\n\t\t\t\t<div class=\"elementor-widget-container\">\n\t\t\t\t\t<div class=\"elementor-jet-price-list jet-elements\">\n<ul class=\"jet-price-list\"><li class=\"price-list__item\"><div class=\"price-list__item-inner\"><div class=\"price-list__item-content\"><div class=\"price-list__item-title__wrapper\"><h5 class=\"price-list__item-title\">Bar<\/h5><div class=\"price-list__item-separator\"><\/div><\/div><div class=\"price-list__item-desc\">jeunes brocolis, jalape\u00f1o, citron vert kaffir<\/div><\/div><\/div><\/li><li class=\"price-list__item\"><div class=\"price-list__item-inner\"><div class=\"price-list__item-content\"><div class=\"price-list__item-title__wrapper\"><h5 class=\"price-list__item-title\">Balfeg\u00f3 Chutoro \u00e0 nageoires bleues<\/h5><div class=\"price-list__item-separator\"><\/div><\/div><div class=\"price-list__item-desc\">asperges blanches, morilles, groseillier du Japon, ail sauvage<\/div><\/div><\/div><\/li><li class=\"price-list__item\"><div class=\"price-list__item-inner\"><div class=\"price-list__item-content\"><div class=\"price-list__item-title__wrapper\"><h5 class=\"price-list__item-title\">Pacific creuse \u272b<\/h5><div class=\"price-list__item-separator\"><\/div><\/div><div class=\"price-list__item-desc\">poitrine de porc cuite dans un bouillon de poireaux, yakiniku, cognac<\/div><\/div><\/div><\/li><li class=\"price-list__item\"><div class=\"price-list__item-inner\"><div class=\"price-list__item-content\"><div class=\"price-list__item-title__wrapper\"><h5 class=\"price-list__item-title\">Langoustine \u272b\u272b\u272b<\/h5><div class=\"price-list__item-separator\"><\/div><\/div><div class=\"price-list__item-desc\">courgette, fenugrec, xo<\/div><\/div><\/div><\/li><li class=\"price-list__item\"><div class=\"price-list__item-inner\"><div class=\"price-list__item-content\"><div class=\"price-list__item-title__wrapper\"><h5 class=\"price-list__item-title\">Zander<\/h5><div class=\"price-list__item-separator\"><\/div><\/div><div class=\"price-list__item-desc\">anguille fum\u00e9e, magnolia<\/div><\/div><\/div><\/li><li class=\"price-list__item\"><div class=\"price-list__item-inner\"><div class=\"price-list__item-content\"><div class=\"price-list__item-title__wrapper\"><h5 class=\"price-list__item-title\">Agneau du Limbourg<\/h5><div class=\"price-list__item-separator\"><\/div><\/div><div class=\"price-list__item-desc\">laitue de mer, yaourt au citron sal\u00e9<\/div><\/div><\/div><\/li><li class=\"price-list__item\"><div class=\"price-list__item-inner\"><div class=\"price-list__item-content\"><div class=\"price-list__item-title__wrapper\"><h5 class=\"price-list__item-title\">Noix de coco caram\u00e9lis\u00e9e<\/h5><div class=\"price-list__item-separator\"><\/div><\/div><div class=\"price-list__item-desc\">rhubarbe, litchi, painmiso<\/div><\/div><\/div><\/li><\/ul><\/div>\t\t\t\t<\/div>\n\t\t\t\t<\/div>\n\t\t\t\t<div class=\"elementor-element elementor-element-e78bf99 elementor-widget elementor-widget-heading\" data-id=\"e78bf99\" data-element_type=\"widget\" data-e-type=\"widget\" data-widget_type=\"heading.default\">\n\t\t\t\t<div class=\"elementor-widget-container\">\n\t\t\t\t\t<h2 class=\"elementor-heading-title elementor-size-default\">Pour ajouter au menu<\/h2>\t\t\t\t<\/div>\n\t\t\t\t<\/div>\n\t\t\t\t<div class=\"elementor-element elementor-element-2224894 elementor-widget elementor-widget-jet-price-list\" data-id=\"2224894\" data-element_type=\"widget\" data-e-type=\"widget\" data-widget_type=\"jet-price-list.default\">\n\t\t\t\t<div class=\"elementor-widget-container\">\n\t\t\t\t\t<div class=\"elementor-jet-price-list jet-elements\">\n<ul class=\"jet-price-list\"><li class=\"price-list__item\"><div class=\"price-list__item-inner\"><div class=\"price-list__item-content\"><div class=\"price-list__item-title__wrapper\"><h5 class=\"price-list__item-title\">Le coup de c\u0153ur du chef<\/h5><div class=\"price-list__item-separator\"><\/div><div class=\"price-list__item-price\">28<\/div><\/div><div class=\"price-list__item-desc\">Ris de veau, goulasch de joue de veau, foie gras fondant, cumin<\/div><\/div><\/div><\/li><li class=\"price-list__item\"><div class=\"price-list__item-inner\"><div class=\"price-list__item-content\"><div class=\"price-list__item-title__wrapper\"><h5 class=\"price-list__item-title\">Fromages des affineurs Van Tricht<\/h5><div class=\"price-list__item-separator\"><\/div><div class=\"price-list__item-price\">17<\/div><\/div><\/div><\/div><\/li><\/ul><\/div>\t\t\t\t<\/div>\n\t\t\t\t<\/div>\n\t\t\t\t<div class=\"elementor-element elementor-element-9825cdd elementor-widget elementor-widget-text-editor\" data-id=\"9825cdd\" data-element_type=\"widget\" data-e-type=\"widget\" data-widget_type=\"text-editor.default\">\n\t\t\t\t<div class=\"elementor-widget-container\">\n\t\t\t\t\t\t\t\t\t<div dir=\"auto\"><p><em>Les vendredis et samedis soirs, nous ne servons que le menu \u00e0 7 plats.<\/em><\/p><p><em>Avez-vous des exigences alimentaires ou des allergies ? Veuillez nous en informer \u00e0 l'avance. Nous sommes heureux d'adapter notre menu dans la mesure du possible (\u00e0 condition que cela ne soit pas trop radical pour le menu et que cela ne change pas la signature de notre cuisine). Le v\u00e9g\u00e9talisme n'est pas possible.<\/em><\/p><\/div><div dir=\"auto\"><em>Nous facturons un suppl\u00e9ment en cas d'adaptation du menu dont nous n'avons pas connaissance.<\/em><\/div>\t\t\t\t\t\t\t\t<\/div>\n\t\t\t\t<\/div>\n\t\t\t\t<div class=\"elementor-element elementor-element-07dae0e elementor-widget elementor-widget-heading\" data-id=\"07dae0e\" data-element_type=\"widget\" data-e-type=\"widget\" data-widget_type=\"heading.default\">\n\t\t\t\t<div class=\"elementor-widget-container\">\n\t\t\t\t\t<h2 class=\"elementor-heading-title elementor-size-default\">Forfait d\u00e9jeuner tout compris<\/h2>\t\t\t\t<\/div>\n\t\t\t\t<\/div>\n\t\t\t\t<div class=\"elementor-element elementor-element-b1898b9 elementor-widget elementor-widget-text-editor\" data-id=\"b1898b9\" data-element_type=\"widget\" data-e-type=\"widget\" data-widget_type=\"text-editor.default\">\n\t\t\t\t<div class=\"elementor-widget-container\">\n\t\t\t\t\t\t\t\t\t<div dir=\"auto\" data-olk-copy-source=\"MessageBody\">Quatre plats avec amuse-gueule, quatre vins assortis et un caf\u00e9 avec des friandises, pour un montant de 1 000 euros. <strong>115 \u20ac par personne<\/strong>.<\/div><div dir=\"auto\">\u00a0<\/div><div dir=\"auto\"><span data-olk-copy-source=\"MessageBody\">Disponible \u00e0 l'adresse suivante <strong>Vendredi, samedi et dimanche<\/strong> pour le d\u00e9jeuner.<\/span><\/div>\t\t\t\t\t\t\t\t<\/div>\n\t\t\t\t<\/div>\n\t\t\t\t<\/div>\n\t\t<div class=\"elementor-element elementor-element-42ecefa e-con-full e-flex e-con e-child\" data-id=\"42ecefa\" data-element_type=\"container\" data-e-type=\"container\" data-settings=\"{&quot;jet_parallax_layout_list&quot;:[]}\">\n\t\t\t\t<div class=\"elementor-element elementor-element-e10f3bc elementor-widget elementor-widget-image\" data-id=\"e10f3bc\" data-element_type=\"widget\" data-e-type=\"widget\" data-widget_type=\"image.default\">\n\t\t\t\t<div class=\"elementor-widget-container\">\n\t\t\t\t\t\t\t\t\t\t\t\t\t\t\t<img fetchpriority=\"high\" decoding=\"async\" width=\"1707\" height=\"2560\" src=\"https:\/\/haricotmaastricht.nl\/wp-content\/uploads\/2026\/04\/www_guyhouben_com_haricot_shoot4-51.webp\" class=\"attachment-full size-full wp-image-864\" alt=\"\" srcset=\"https:\/\/haricotmaastricht.nl\/wp-content\/uploads\/2026\/04\/www_guyhouben_com_haricot_shoot4-51.webp 1707w, https:\/\/haricotmaastricht.nl\/wp-content\/uploads\/2026\/04\/www_guyhouben_com_haricot_shoot4-51-200x300.webp 200w, https:\/\/haricotmaastricht.nl\/wp-content\/uploads\/2026\/04\/www_guyhouben_com_haricot_shoot4-51-683x1024.webp 683w, https:\/\/haricotmaastricht.nl\/wp-content\/uploads\/2026\/04\/www_guyhouben_com_haricot_shoot4-51-768x1152.webp 768w, https:\/\/haricotmaastricht.nl\/wp-content\/uploads\/2026\/04\/www_guyhouben_com_haricot_shoot4-51-1024x1536.webp 1024w, https:\/\/haricotmaastricht.nl\/wp-content\/uploads\/2026\/04\/www_guyhouben_com_haricot_shoot4-51-1366x2048.webp 1366w, https:\/\/haricotmaastricht.nl\/wp-content\/uploads\/2026\/04\/www_guyhouben_com_haricot_shoot4-51-8x12.webp 8w\" sizes=\"(max-width: 1707px) 100vw, 1707px\" title=\"\">\t\t\t\t\t\t\t\t\t\t\t\t\t\t\t<\/div>\n\t\t\t\t<\/div>\n\t\t\t\t<\/div>\n\t\t\t\t\t<\/div>\n\t\t\t\t<\/div>\n\t\t\t\t<\/div>","protected":false},"excerpt":{"rendered":"<p>Menu Haricot Menu Bij Haricot serveren wij een vast menu, want wij vinden dat elk gerecht de aandacht verdient. We hebben een selectie van vijf, zes of zeven gangen samengesteld waarin seizoensgebonden ingredi\u00ebnten de hoofdrol spelen. Ook bieden wij de mogelijkheid om uw diner uit te breiden. Menu5 gangen 90\u00a06 gangen 105 \u272b7 gangen 120 [&hellip;]<\/p>\n","protected":false},"author":1,"featured_media":0,"parent":0,"menu_order":0,"comment_status":"closed","ping_status":"closed","template":"elementor_header_footer","meta":{"footnotes":""},"class_list":["post-311","page","type-page","status-publish","hentry"],"_links":{"self":[{"href":"https:\/\/haricotmaastricht.nl\/fr\/wp-json\/wp\/v2\/pages\/311","targetHints":{"allow":["GET"]}}],"collection":[{"href":"https:\/\/haricotmaastricht.nl\/fr\/wp-json\/wp\/v2\/pages"}],"about":[{"href":"https:\/\/haricotmaastricht.nl\/fr\/wp-json\/wp\/v2\/types\/page"}],"author":[{"embeddable":true,"href":"https:\/\/haricotmaastricht.nl\/fr\/wp-json\/wp\/v2\/users\/1"}],"replies":[{"embeddable":true,"href":"https:\/\/haricotmaastricht.nl\/fr\/wp-json\/wp\/v2\/comments?post=311"}],"version-history":[{"count":108,"href":"https:\/\/haricotmaastricht.nl\/fr\/wp-json\/wp\/v2\/pages\/311\/revisions"}],"predecessor-version":[{"id":901,"href":"https:\/\/haricotmaastricht.nl\/fr\/wp-json\/wp\/v2\/pages\/311\/revisions\/901"}],"wp:attachment":[{"href":"https:\/\/haricotmaastricht.nl\/fr\/wp-json\/wp\/v2\/media?parent=311"}],"curies":[{"name":"wp","href":"https:\/\/api.w.org\/{rel}","templated":true}]}}